{"id":11,"date":"2025-11-08T00:00:02","date_gmt":"2025-11-07T23:00:02","guid":{"rendered":"https:\/\/defekacja.pl\/?page_id=11"},"modified":"2025-11-21T08:50:20","modified_gmt":"2025-11-21T07:50:20","slug":"ranking","status":"publish","type":"page","link":"https:\/\/defekacja.pl\/?page_id=11","title":{"rendered":"POMOCE"},"content":{"rendered":"\n<p>RUCH &#8211; np. skr\u0119tno-naprzemienne ostukiwanie nad miednic\u0105, &#8230;<\/p>\n\n\n\n<p>P\u0141YN &#8211; np. mielone ziarna kawy zalane wrz\u0105c\u0105 wod\u0105, &#8230;<\/p>\n\n\n\n<p>JEDZENIE &#8211; np. jab\u0142ko wielokrotnie prze\u017cute ze slin\u0105, &#8230;<\/p>\n","protected":false},"excerpt":{"rendered":"<p>RUCH &#8211; np. skr\u0119tno-naprzemienne ostukiwanie nad miednic\u0105, &#8230; P\u0141YN &#8211; np. mielone ziarna kawy zalane wrz\u0105c\u0105 wod\u0105, &#8230; JEDZENIE &#8211; np. jab\u0142ko wielokrotnie prze\u017cute ze slin\u0105, &#8230;<\/p>\n","protected":false},"author":5,"featured_media":0,"parent":0,"menu_order":0,"comment_status":"closed","ping_status":"closed","template":"","meta":{"footnotes":""},"class_list":["post-11","page","type-page","status-publish","hentry"],"_links":{"self":[{"href":"https:\/\/defekacja.pl\/index.php?rest_route=\/wp\/v2\/pages\/11","targetHints":{"allow":["GET"]}}],"collection":[{"href":"https:\/\/defekacja.pl\/index.php?rest_route=\/wp\/v2\/pages"}],"about":[{"href":"https:\/\/defekacja.pl\/index.php?rest_route=\/wp\/v2\/types\/page"}],"author":[{"embeddable":true,"href":"https:\/\/defekacja.pl\/index.php?rest_route=\/wp\/v2\/users\/5"}],"replies":[{"embeddable":true,"href":"https:\/\/defekacja.pl\/index.php?rest_route=%2Fwp%2Fv2%2Fcomments&post=11"}],"version-history":[{"count":12,"href":"https:\/\/defekacja.pl\/index.php?rest_route=\/wp\/v2\/pages\/11\/revisions"}],"predecessor-version":[{"id":128,"href":"https:\/\/defekacja.pl\/index.php?rest_route=\/wp\/v2\/pages\/11\/revisions\/128"}],"wp:attachment":[{"href":"https:\/\/defekacja.pl\/index.php?rest_route=%2Fwp%2Fv2%2Fmedia&parent=11"}],"curies":[{"name":"wp","href":"https:\/\/api.w.org\/{rel}","templated":true}]}}