{"id":40,"date":"2025-11-08T11:44:48","date_gmt":"2025-11-08T10:44:48","guid":{"rendered":"https:\/\/defekacja.pl\/?page_id=40"},"modified":"2025-11-14T14:19:36","modified_gmt":"2025-11-14T13:19:36","slug":"polityka-prywatnosci","status":"publish","type":"page","link":"https:\/\/defekacja.pl\/?page_id=40","title":{"rendered":"Polityka prywatno\u015bci"},"content":{"rendered":"\n<p>Polityki prywatno\u015bci tego serwisu internetowego.<\/p>\n\n\n\n<h2 class=\"wp-block-heading\">Kim jeste\u015bmy<\/h2>\n\n\n\n<p>Adres naszej strony internetowej to: defekacja.pl, a e-mail to nasza(m)defekacja.pl. Gdzie (m) to wiadomy symbol.<\/p>\n\n\n\n<h2 class=\"wp-block-heading\">Osadzone tre\u015bci z innych witryn<\/h2>\n\n\n\n<p>Artyku\u0142y na tej witrynie mog\u0105 zawiera\u0107 osadzone tre\u015bci (np. filmy, obrazki, artyku\u0142y itp.). Osadzone tre\u015bci z innych witryn zachowuj\u0105 si\u0119 analogicznie do tego, jakby u\u017cytkownik odwiedzi\u0142 bezpo\u015brednio konkretn\u0105 witryn\u0119.<\/p>\n\n\n\n<p>Witryny mog\u0105 zbiera\u0107 informacje o tobie, u\u017cywa\u0107 ciasteczek, do\u0142\u0105cza\u0107 dodatkowe, zewn\u0119trzne systemy \u015bledzenia i monitorowa\u0107 twoje interakcje z osadzonym materia\u0142em, w\u0142\u0105czaj\u0105c w to \u015bledzenie twoich interakcji z osadzonym materia\u0142em je\u015bli posiadasz konto i jeste\u015b zalogowany w tamtej witrynie.<\/p>\n\n\n\n<h2 class=\"wp-block-heading\">Ciasteczka<\/h2>\n\n\n\n<p>Ta strona wykorzystuje pliki cookie \u2013 ma\u0142e pliki tekstowe, kt\u00f3re s\u0105 umieszczane na twoim komputerze, aby pom\u00f3c stronie zapewni\u0107 lepsz\u0105 obs\u0142ug\u0119. Zasadniczo pliki cookie s\u0142u\u017c\u0105 do zachowania preferencji u\u017cytkownika, przechowywania informacji dotycz\u0105cych np. Koszyk\u00f3w i dostarczania anonimowych danych \u015bledzenia do aplikacji stron trzecich, takich jak Google Analytics. Z regu\u0142y pliki cookie poprawiaj\u0105 komfort przegl\u0105dania. Mo\u017cesz jednak wy\u0142\u0105czy\u0107 pliki cookie na tej stronie i na innych. Najskuteczniejszym sposobem na to jest wy\u0142\u0105czenie plik\u00f3w cookie w przegl\u0105darce. Zalecamy zapoznanie si\u0119 z sekcj\u0105 pomocy przegl\u0105darki lub zajrzenie na <a href=\"http:\/\/www.aboutcookies.org\/\">stron\u0119 internetow\u0105 About Cookies<\/a>, kt\u00f3ra zawiera wskaz\u00f3wki dla wszystkich wsp\u00f3\u0142czesnych przegl\u0105darek. Kontakt do administratora danych osobowych tej witryny internetowej.<\/p>\n","protected":false},"excerpt":{"rendered":"<p>Polityki prywatno\u015bci tego serwisu internetowego. Kim jeste\u015bmy Adres naszej strony internetowej to: defekacja.pl, a e-mail to nasza(m)defekacja.pl. Gdzie (m) to wiadomy symbol. Osadzone tre\u015bci z innych witryn Artyku\u0142y na tej witrynie mog\u0105 zawiera\u0107 osadzone tre\u015bci (np. filmy, obrazki, artyku\u0142y itp.). Osadzone tre\u015bci z innych witryn zachowuj\u0105 si\u0119 analogicznie do tego, jakby u\u017cytkownik odwiedzi\u0142 bezpo\u015brednio konkretn\u0105 [&hellip;]<\/p>\n","protected":false},"author":5,"featured_media":0,"parent":0,"menu_order":1,"comment_status":"closed","ping_status":"closed","template":"","meta":{"footnotes":""},"class_list":["post-40","page","type-page","status-publish","hentry"],"_links":{"self":[{"href":"https:\/\/defekacja.pl\/index.php?rest_route=\/wp\/v2\/pages\/40","targetHints":{"allow":["GET"]}}],"collection":[{"href":"https:\/\/defekacja.pl\/index.php?rest_route=\/wp\/v2\/pages"}],"about":[{"href":"https:\/\/defekacja.pl\/index.php?rest_route=\/wp\/v2\/types\/page"}],"author":[{"embeddable":true,"href":"https:\/\/defekacja.pl\/index.php?rest_route=\/wp\/v2\/users\/5"}],"replies":[{"embeddable":true,"href":"https:\/\/defekacja.pl\/index.php?rest_route=%2Fwp%2Fv2%2Fcomments&post=40"}],"version-history":[{"count":12,"href":"https:\/\/defekacja.pl\/index.php?rest_route=\/wp\/v2\/pages\/40\/revisions"}],"predecessor-version":[{"id":122,"href":"https:\/\/defekacja.pl\/index.php?rest_route=\/wp\/v2\/pages\/40\/revisions\/122"}],"wp:attachment":[{"href":"https:\/\/defekacja.pl\/index.php?rest_route=%2Fwp%2Fv2%2Fmedia&parent=40"}],"curies":[{"name":"wp","href":"https:\/\/api.w.org\/{rel}","templated":true}]}}