{"id":43,"date":"2025-11-08T00:00:25","date_gmt":"2025-11-07T23:00:25","guid":{"rendered":"https:\/\/defekacja.pl\/?page_id=43"},"modified":"2026-04-04T08:20:36","modified_gmt":"2026-04-04T06:20:36","slug":"slogany","status":"publish","type":"page","link":"https:\/\/defekacja.pl\/?page_id=43","title":{"rendered":"SLOGANY"},"content":{"rendered":"\n<p>GDZIE KR\u00d3L CHODZI PIECHOT\u0104 \ud83d\ude42<\/p>\n\n\n\n<p>RACJA TO PRAWID\u0141OWA &#8230; (mniej zm\u0119czenia)<\/p>\n\n\n\n<p>JAK BRZUCH BOLI TO W G\u0141OWIE SI\u0118 &#8230; (i na odwr\u00f3t)<\/p>\n","protected":false},"excerpt":{"rendered":"<p>GDZIE KR\u00d3L CHODZI PIECHOT\u0104 \ud83d\ude42 RACJA TO PRAWID\u0141OWA &#8230; (mniej zm\u0119czenia) JAK BRZUCH BOLI TO W G\u0141OWIE SI\u0118 &#8230; (i na odwr\u00f3t)<\/p>\n","protected":false},"author":5,"featured_media":0,"parent":0,"menu_order":0,"comment_status":"closed","ping_status":"closed","template":"","meta":{"footnotes":""},"class_list":["post-43","page","type-page","status-publish","hentry"],"_links":{"self":[{"href":"https:\/\/defekacja.pl\/index.php?rest_route=\/wp\/v2\/pages\/43","targetHints":{"allow":["GET"]}}],"collection":[{"href":"https:\/\/defekacja.pl\/index.php?rest_route=\/wp\/v2\/pages"}],"about":[{"href":"https:\/\/defekacja.pl\/index.php?rest_route=\/wp\/v2\/types\/page"}],"author":[{"embeddable":true,"href":"https:\/\/defekacja.pl\/index.php?rest_route=\/wp\/v2\/users\/5"}],"replies":[{"embeddable":true,"href":"https:\/\/defekacja.pl\/index.php?rest_route=%2Fwp%2Fv2%2Fcomments&post=43"}],"version-history":[{"count":11,"href":"https:\/\/defekacja.pl\/index.php?rest_route=\/wp\/v2\/pages\/43\/revisions"}],"predecessor-version":[{"id":149,"href":"https:\/\/defekacja.pl\/index.php?rest_route=\/wp\/v2\/pages\/43\/revisions\/149"}],"wp:attachment":[{"href":"https:\/\/defekacja.pl\/index.php?rest_route=%2Fwp%2Fv2%2Fmedia&parent=43"}],"curies":[{"name":"wp","href":"https:\/\/api.w.org\/{rel}","templated":true}]}}